{"id":266,"date":"2026-05-13T18:09:47","date_gmt":"2026-05-13T17:09:47","guid":{"rendered":"https:\/\/paniachefprive.com\/?page_id=266"},"modified":"2026-05-13T18:47:46","modified_gmt":"2026-05-13T17:47:46","slug":"nos-box-gastronomiques","status":"publish","type":"page","link":"https:\/\/paniachefprive.com\/index.php\/nos-box-gastronomiques\/","title":{"rendered":"Nos Box Gastronomiques"},"content":{"rendered":"\n<div class=\"wp-block-cover\"><img loading=\"lazy\" decoding=\"async\" width=\"768\" height=\"1024\" class=\"wp-block-cover__image-background wp-image-96 size-large\" alt=\"\" src=\"https:\/\/paniachefprive.com\/wp-content\/uploads\/2025\/12\/BOX-VEGE-ET-CREMEUX-D4LADUDES-768x1024.jpg\" data-object-fit=\"cover\" srcset=\"https:\/\/paniachefprive.com\/wp-content\/uploads\/2025\/12\/BOX-VEGE-ET-CREMEUX-D4LADUDES-768x1024.jpg 768w, https:\/\/paniachefprive.com\/wp-content\/uploads\/2025\/12\/BOX-VEGE-ET-CREMEUX-D4LADUDES-225x300.jpg 225w, https:\/\/paniachefprive.com\/wp-content\/uploads\/2025\/12\/BOX-VEGE-ET-CREMEUX-D4LADUDES-1152x1536.jpg 1152w, https:\/\/paniachefprive.com\/wp-content\/uploads\/2025\/12\/BOX-VEGE-ET-CREMEUX-D4LADUDES.jpg 1246w\" sizes=\"auto, (max-width: 768px) 100vw, 768px\" \/><span aria-hidden=\"true\" class=\"wp-block-cover__background has-background-dim\" style=\"background-color:#927668\"><\/span><div class=\"wp-block-cover__inner-container has-global-padding is-layout-constrained wp-block-cover-is-layout-constrained\">\n<p class=\"has-text-align-center has-large-font-size\"><\/p>\n<\/div><\/div>\n\n\n\n<div class=\"wp-block-group has-global-padding is-layout-constrained wp-container-core-group-is-layout-f36bc466 wp-block-group-is-layout-constrained\">\n<h1 class=\"wp-block-heading has-text-align-center\">Nos Box Gastronomiques<\/h1>\n\n\n\n<p class=\"has-text-align-center\">Des cr\u00e9ations culinaires raffin\u00e9es, \u00e9labor\u00e9es avec des produits frais et locaux, livr\u00e9es chez vous pour sublimer vos repas.<\/p>\n\n\n\n<hr class=\"wp-block-separator has-alpha-channel-opacity\"\/>\n\n\n\n<div class=\"wp-block-columns are-vertically-aligned-center is-layout-flex wp-container-core-columns-is-layout-5baeddf3 wp-block-columns-is-layout-flex\">\n<div class=\"wp-block-column is-layout-flow wp-block-column-is-layout-flow\" style=\"flex-basis:45%\">\n<figure class=\"wp-block-image size-medium is-resized has-custom-border\"><img decoding=\"async\" src=\"https:\/\/paniachefprive.com\/wp-content\/uploads\/2025\/12\/ChatGPT-Image-11-janv.-2026-18_06_48-683x1024.png\" alt=\"Box rouleaux poulet \u00e0 la citronnelle\" style=\"border-radius:8px;width:350px\"\/><\/figure>\n<\/div>\n\n\n\n<div class=\"wp-block-column is-vertically-aligned-center is-layout-flow wp-block-column-is-layout-flow\" style=\"flex-basis:55%\">\n<h3 class=\"wp-block-heading\">Box rouleaux poulet \u00e0 la citronnelle<\/h3>\n\n\n\n<p>La Box Signature Pania met \u00e0 l&rsquo;honneur des rouleaux de printemps faits minute, roul\u00e9s \u00e0 la main avec exigence et \u00e9quilibre. Herbes fra\u00eeches, l\u00e9gumes croquants, prot\u00e9ines fondantes \u2014 chaque rouleau est une bouch\u00e9e \u00e9l\u00e9gante et gourmande.<\/p>\n\n\n\n<p><strong>Id\u00e9al pour 5 convives<\/strong><\/p>\n\n\n\n<h4 class=\"wp-block-heading\">99,90 \u20ac<\/h4>\n\n\n\n<div class=\"wp-block-buttons is-layout-flex wp-block-buttons-is-layout-flex\">\n<div class=\"wp-block-button popmake-218\"><a class=\"wp-block-button__link wp-element-button\">Commander<\/a><\/div>\n<\/div>\n<\/div>\n<\/div>\n\n\n\n<hr class=\"wp-block-separator has-alpha-channel-opacity\"\/>\n\n\n\n<div class=\"wp-block-columns are-vertically-aligned-center is-layout-flex wp-container-core-columns-is-layout-5baeddf3 wp-block-columns-is-layout-flex\">\n<div class=\"wp-block-column is-vertically-aligned-center is-layout-flow wp-block-column-is-layout-flow\" style=\"flex-basis:55%\">\n<h3 class=\"wp-block-heading\">Box Pania Prestige<\/h3>\n\n\n\n<p>La Box Pania Prestige rassemble tout ce qui fait la force d&rsquo;une table festive pens\u00e9e sur-mesure. Fromages affin\u00e9s, charcuterie s\u00e9lectionn\u00e9e, cr\u00e9ations maison \u2014 une g\u00e9n\u00e9rosit\u00e9 ma\u00eetris\u00e9e et une vraie coh\u00e9rence gustative.<\/p>\n\n\n\n<p><strong>Id\u00e9al pour 5 convives<\/strong><\/p>\n\n\n\n<h4 class=\"wp-block-heading\">174,05 \u20ac<\/h4>\n\n\n\n<div class=\"wp-block-buttons is-layout-flex wp-block-buttons-is-layout-flex\">\n<div class=\"wp-block-button popmake-218\"><a class=\"wp-block-button__link wp-element-button\">Commander<\/a><\/div>\n<\/div>\n<\/div>\n\n\n\n<div class=\"wp-block-column is-layout-flow wp-block-column-is-layout-flow\" style=\"flex-basis:45%\">\n<figure class=\"wp-block-image size-medium is-resized has-custom-border\"><img decoding=\"async\" src=\"https:\/\/paniachefprive.com\/wp-content\/uploads\/2025\/12\/Assortiment-gourmet-dans-une-boite-elegante-683x1024.png\" alt=\"Box Pania Prestige\" style=\"border-radius:8px;width:350px\"\/><\/figure>\n<\/div>\n<\/div>\n\n\n\n<hr class=\"wp-block-separator has-alpha-channel-opacity\"\/>\n\n\n\n<div class=\"wp-block-columns are-vertically-aligned-center is-layout-flex wp-container-core-columns-is-layout-5baeddf3 wp-block-columns-is-layout-flex\">\n<div class=\"wp-block-column is-layout-flow wp-block-column-is-layout-flow\" style=\"flex-basis:45%\">\n<figure class=\"wp-block-image size-medium is-resized has-custom-border\"><img decoding=\"async\" src=\"https:\/\/paniachefprive.com\/wp-content\/uploads\/2025\/12\/ChatGPT-Image-11-janv.-2026-18_54_38-683x1024.png\" alt=\"Box Terroirs et Cr\u00e9ations\" style=\"border-radius:8px;width:350px\"\/><\/figure>\n<\/div>\n\n\n\n<div class=\"wp-block-column is-vertically-aligned-center is-layout-flow wp-block-column-is-layout-flow\" style=\"flex-basis:55%\">\n<h3 class=\"wp-block-heading\">Box Terroirs &amp; Cr\u00e9ations<\/h3>\n\n\n\n<p>Plongez dans l&rsquo;univers color\u00e9 et raffin\u00e9 de la Box Terroirs &amp; Cr\u00e9ations. L\u00e9gumes de saison, dips maison subtils \u2014 un \u00e9quilibre parfait entre textures et saveurs pour sublimer vos \u00e9v\u00e9nements.<\/p>\n\n\n\n<p><strong>Id\u00e9al pour 5 convives<\/strong><\/p>\n\n\n\n<h4 class=\"wp-block-heading\">124,90 \u20ac<\/h4>\n\n\n\n<div class=\"wp-block-buttons is-layout-flex wp-block-buttons-is-layout-flex\">\n<div class=\"wp-block-button popmake-218\"><a class=\"wp-block-button__link wp-element-button\">Commander<\/a><\/div>\n<\/div>\n<\/div>\n<\/div>\n<\/div>\n","protected":false},"excerpt":{"rendered":"<p>Nos Box Gastronomiques Des cr\u00e9ations culinaires raffin\u00e9es, \u00e9labor\u00e9es avec des produits frais et locaux, livr\u00e9es chez vous pour sublimer vos repas. Box rouleaux poulet \u00e0 la citronnelle La Box Signature Pania met \u00e0 l&rsquo;honneur des rouleaux de printemps faits minute, roul\u00e9s \u00e0 la main avec exigence et \u00e9quilibre. Herbes fra\u00eeches, l\u00e9gumes croquants, prot\u00e9ines fondantes \u2014 [&hellip;]<\/p>\n","protected":false},"author":1,"featured_media":0,"parent":0,"menu_order":0,"comment_status":"closed","ping_status":"closed","template":"page-full-width","meta":{"footnotes":""},"class_list":["post-266","page","type-page","status-publish","hentry"],"yoast_head":"<!-- This site is optimized with the Yoast SEO plugin v26.6 - https:\/\/yoast.com\/wordpress\/plugins\/seo\/ -->\n<title>Nos Box Gastronomiques - Pania Chef Priv\u00e9<\/title>\n<meta name=\"robots\" content=\"index, follow, max-snippet:-1, max-image-preview:large, max-video-preview:-1\" \/>\n<link rel=\"canonical\" href=\"https:\/\/paniachefprive.com\/index.php\/nos-box-gastronomiques\/\" \/>\n<meta property=\"og:locale\" content=\"fr_FR\" \/>\n<meta property=\"og:type\" content=\"article\" \/>\n<meta property=\"og:title\" content=\"Nos Box Gastronomiques - Pania Chef Priv\u00e9\" \/>\n<meta property=\"og:description\" content=\"Nos Box Gastronomiques Des cr\u00e9ations culinaires raffin\u00e9es, \u00e9labor\u00e9es avec des produits frais et locaux, livr\u00e9es chez vous pour sublimer vos repas. Box rouleaux poulet \u00e0 la citronnelle La Box Signature Pania met \u00e0 l&rsquo;honneur des rouleaux de printemps faits minute, roul\u00e9s \u00e0 la main avec exigence et \u00e9quilibre. Herbes fra\u00eeches, l\u00e9gumes croquants, prot\u00e9ines fondantes \u2014 [&hellip;]\" \/>\n<meta property=\"og:url\" content=\"https:\/\/paniachefprive.com\/index.php\/nos-box-gastronomiques\/\" \/>\n<meta property=\"og:site_name\" content=\"Pania Chef Priv\u00e9\" \/>\n<meta property=\"article:modified_time\" content=\"2026-05-13T17:47:46+00:00\" \/>\n<meta property=\"og:image\" content=\"https:\/\/paniachefprive.com\/wp-content\/uploads\/2025\/12\/BOX-VEGE-ET-CREMEUX-D4LADUDES.jpg\" \/>\n\t<meta property=\"og:image:width\" content=\"1246\" \/>\n\t<meta property=\"og:image:height\" content=\"1662\" \/>\n\t<meta property=\"og:image:type\" content=\"image\/jpeg\" \/>\n<meta name=\"twitter:card\" content=\"summary_large_image\" \/>\n<meta name=\"twitter:label1\" content=\"Dur\u00e9e de lecture estim\u00e9e\" \/>\n\t<meta name=\"twitter:data1\" content=\"2 minutes\" \/>\n<script type=\"application\/ld+json\" class=\"yoast-schema-graph\">{\"@context\":\"https:\/\/schema.org\",\"@graph\":[{\"@type\":\"WebPage\",\"@id\":\"https:\/\/paniachefprive.com\/index.php\/nos-box-gastronomiques\/\",\"url\":\"https:\/\/paniachefprive.com\/index.php\/nos-box-gastronomiques\/\",\"name\":\"Nos Box Gastronomiques - Pania Chef Priv\u00e9\",\"isPartOf\":{\"@id\":\"https:\/\/paniachefprive.com\/#website\"},\"primaryImageOfPage\":{\"@id\":\"https:\/\/paniachefprive.com\/index.php\/nos-box-gastronomiques\/#primaryimage\"},\"image\":{\"@id\":\"https:\/\/paniachefprive.com\/index.php\/nos-box-gastronomiques\/#primaryimage\"},\"thumbnailUrl\":\"https:\/\/paniachefprive.com\/wp-content\/uploads\/2025\/12\/BOX-VEGE-ET-CREMEUX-D4LADUDES-768x1024.jpg\",\"datePublished\":\"2026-05-13T17:09:47+00:00\",\"dateModified\":\"2026-05-13T17:47:46+00:00\",\"breadcrumb\":{\"@id\":\"https:\/\/paniachefprive.com\/index.php\/nos-box-gastronomiques\/#breadcrumb\"},\"inLanguage\":\"fr-FR\",\"potentialAction\":[{\"@type\":\"ReadAction\",\"target\":[\"https:\/\/paniachefprive.com\/index.php\/nos-box-gastronomiques\/\"]}]},{\"@type\":\"ImageObject\",\"inLanguage\":\"fr-FR\",\"@id\":\"https:\/\/paniachefprive.com\/index.php\/nos-box-gastronomiques\/#primaryimage\",\"url\":\"https:\/\/paniachefprive.com\/wp-content\/uploads\/2025\/12\/BOX-VEGE-ET-CREMEUX-D4LADUDES.jpg\",\"contentUrl\":\"https:\/\/paniachefprive.com\/wp-content\/uploads\/2025\/12\/BOX-VEGE-ET-CREMEUX-D4LADUDES.jpg\",\"width\":1246,\"height\":1662},{\"@type\":\"BreadcrumbList\",\"@id\":\"https:\/\/paniachefprive.com\/index.php\/nos-box-gastronomiques\/#breadcrumb\",\"itemListElement\":[{\"@type\":\"ListItem\",\"position\":1,\"name\":\"Accueil\",\"item\":\"https:\/\/paniachefprive.com\/\"},{\"@type\":\"ListItem\",\"position\":2,\"name\":\"Nos Box Gastronomiques\"}]},{\"@type\":\"WebSite\",\"@id\":\"https:\/\/paniachefprive.com\/#website\",\"url\":\"https:\/\/paniachefprive.com\/\",\"name\":\"Pania Chef Priv\u00e9\",\"description\":\"Une histoire extraordinaire dans votre prochain repas\",\"potentialAction\":[{\"@type\":\"SearchAction\",\"target\":{\"@type\":\"EntryPoint\",\"urlTemplate\":\"https:\/\/paniachefprive.com\/?s={search_term_string}\"},\"query-input\":{\"@type\":\"PropertyValueSpecification\",\"valueRequired\":true,\"valueName\":\"search_term_string\"}}],\"inLanguage\":\"fr-FR\"}]}<\/script>\n<!-- \/ Yoast SEO plugin. -->","yoast_head_json":{"title":"Nos Box Gastronomiques - Pania Chef Priv\u00e9","robots":{"index":"index","follow":"follow","max-snippet":"max-snippet:-1","max-image-preview":"max-image-preview:large","max-video-preview":"max-video-preview:-1"},"canonical":"https:\/\/paniachefprive.com\/index.php\/nos-box-gastronomiques\/","og_locale":"fr_FR","og_type":"article","og_title":"Nos Box Gastronomiques - Pania Chef Priv\u00e9","og_description":"Nos Box Gastronomiques Des cr\u00e9ations culinaires raffin\u00e9es, \u00e9labor\u00e9es avec des produits frais et locaux, livr\u00e9es chez vous pour sublimer vos repas. Box rouleaux poulet \u00e0 la citronnelle La Box Signature Pania met \u00e0 l&rsquo;honneur des rouleaux de printemps faits minute, roul\u00e9s \u00e0 la main avec exigence et \u00e9quilibre. Herbes fra\u00eeches, l\u00e9gumes croquants, prot\u00e9ines fondantes \u2014 [&hellip;]","og_url":"https:\/\/paniachefprive.com\/index.php\/nos-box-gastronomiques\/","og_site_name":"Pania Chef Priv\u00e9","article_modified_time":"2026-05-13T17:47:46+00:00","og_image":[{"width":1246,"height":1662,"url":"https:\/\/paniachefprive.com\/wp-content\/uploads\/2025\/12\/BOX-VEGE-ET-CREMEUX-D4LADUDES.jpg","type":"image\/jpeg"}],"twitter_card":"summary_large_image","twitter_misc":{"Dur\u00e9e de lecture estim\u00e9e":"2 minutes"},"schema":{"@context":"https:\/\/schema.org","@graph":[{"@type":"WebPage","@id":"https:\/\/paniachefprive.com\/index.php\/nos-box-gastronomiques\/","url":"https:\/\/paniachefprive.com\/index.php\/nos-box-gastronomiques\/","name":"Nos Box Gastronomiques - Pania Chef Priv\u00e9","isPartOf":{"@id":"https:\/\/paniachefprive.com\/#website"},"primaryImageOfPage":{"@id":"https:\/\/paniachefprive.com\/index.php\/nos-box-gastronomiques\/#primaryimage"},"image":{"@id":"https:\/\/paniachefprive.com\/index.php\/nos-box-gastronomiques\/#primaryimage"},"thumbnailUrl":"https:\/\/paniachefprive.com\/wp-content\/uploads\/2025\/12\/BOX-VEGE-ET-CREMEUX-D4LADUDES-768x1024.jpg","datePublished":"2026-05-13T17:09:47+00:00","dateModified":"2026-05-13T17:47:46+00:00","breadcrumb":{"@id":"https:\/\/paniachefprive.com\/index.php\/nos-box-gastronomiques\/#breadcrumb"},"inLanguage":"fr-FR","potentialAction":[{"@type":"ReadAction","target":["https:\/\/paniachefprive.com\/index.php\/nos-box-gastronomiques\/"]}]},{"@type":"ImageObject","inLanguage":"fr-FR","@id":"https:\/\/paniachefprive.com\/index.php\/nos-box-gastronomiques\/#primaryimage","url":"https:\/\/paniachefprive.com\/wp-content\/uploads\/2025\/12\/BOX-VEGE-ET-CREMEUX-D4LADUDES.jpg","contentUrl":"https:\/\/paniachefprive.com\/wp-content\/uploads\/2025\/12\/BOX-VEGE-ET-CREMEUX-D4LADUDES.jpg","width":1246,"height":1662},{"@type":"BreadcrumbList","@id":"https:\/\/paniachefprive.com\/index.php\/nos-box-gastronomiques\/#breadcrumb","itemListElement":[{"@type":"ListItem","position":1,"name":"Accueil","item":"https:\/\/paniachefprive.com\/"},{"@type":"ListItem","position":2,"name":"Nos Box Gastronomiques"}]},{"@type":"WebSite","@id":"https:\/\/paniachefprive.com\/#website","url":"https:\/\/paniachefprive.com\/","name":"Pania Chef Priv\u00e9","description":"Une histoire extraordinaire dans votre prochain repas","potentialAction":[{"@type":"SearchAction","target":{"@type":"EntryPoint","urlTemplate":"https:\/\/paniachefprive.com\/?s={search_term_string}"},"query-input":{"@type":"PropertyValueSpecification","valueRequired":true,"valueName":"search_term_string"}}],"inLanguage":"fr-FR"}]}},"_links":{"self":[{"href":"https:\/\/paniachefprive.com\/index.php\/wp-json\/wp\/v2\/pages\/266","targetHints":{"allow":["GET"]}}],"collection":[{"href":"https:\/\/paniachefprive.com\/index.php\/wp-json\/wp\/v2\/pages"}],"about":[{"href":"https:\/\/paniachefprive.com\/index.php\/wp-json\/wp\/v2\/types\/page"}],"author":[{"embeddable":true,"href":"https:\/\/paniachefprive.com\/index.php\/wp-json\/wp\/v2\/users\/1"}],"replies":[{"embeddable":true,"href":"https:\/\/paniachefprive.com\/index.php\/wp-json\/wp\/v2\/comments?post=266"}],"version-history":[{"count":6,"href":"https:\/\/paniachefprive.com\/index.php\/wp-json\/wp\/v2\/pages\/266\/revisions"}],"predecessor-version":[{"id":276,"href":"https:\/\/paniachefprive.com\/index.php\/wp-json\/wp\/v2\/pages\/266\/revisions\/276"}],"wp:attachment":[{"href":"https:\/\/paniachefprive.com\/index.php\/wp-json\/wp\/v2\/media?parent=266"}],"curies":[{"name":"wp","href":"https:\/\/api.w.org\/{rel}","templated":true}]}}