{"id":204,"date":"2026-03-15T18:18:35","date_gmt":"2026-03-15T17:18:35","guid":{"rendered":"https:\/\/paniachefprive.com\/?page_id=204"},"modified":"2026-03-16T12:15:15","modified_gmt":"2026-03-16T11:15:15","slug":"mentions-legales","status":"publish","type":"page","link":"https:\/\/paniachefprive.com\/index.php\/mentions-legales\/","title":{"rendered":"Mentions L\u00e9gales"},"content":{"rendered":"\n<h2 class=\"wp-block-heading\">Identit\u00e9<\/h2>\n\n\n\n<p>Le site paniachefprive.com (ci-apr\u00e8s d\u00e9nomm\u00e9 le \u00ab Site \u00bb) est \u00e9dit\u00e9 et exploit\u00e9 par l\u2019entreprise PANIA CHEF PRIVE, entreprise de droit fran\u00e7aise dont le si\u00e8ge social est situ\u00e9 au 80B Avenue de Pioche R\u00e9sidence Jaizquibel 64200 Biarritz, immatricul\u00e9e au Registre du commerce et des soci\u00e9t\u00e9s de Bayonne sous le num\u00e9ro 917 617 490 R.C.S. Bayonne.<br><br><strong>Repr\u00e9sentants l\u00e9gaux:<\/strong><br>Pania CHANN<br><br>Num\u00e9ro de TVA intra-communautaire: FR48917617490<br>Num\u00e9ro de SIRET: 91761749000029<br>Code Naf ou Ape : Services des traiteurs (5621Z)<br>Activit\u00e9 principale d\u00e9clar\u00e9e: Chef priv\u00e9 \u00e0 domicile proposant des prestations culinaires sur mesure pour une client\u00e8le de particuliers et d&rsquo;entreprises.<\/p>\n\n\n\n<h2 class=\"wp-block-heading\"><strong>Contact<\/strong><\/h2>\n\n\n\n<p>Notre service de relations clients est joignable<\/p>\n\n\n\n<ul class=\"wp-block-list\">\n<li>par t\u00e9l\u00e9phone au num\u00e9ro +33 7 82 82 20 39<\/li>\n\n\n\n<li>par email pania@paniachefprive.com<\/li>\n<\/ul>\n\n\n\n<h2 class=\"wp-block-heading\">H\u00e9bergeur<\/h2>\n\n\n\n<p><strong>L\u2019H\u00e9bergement du Site est assur\u00e9 par :<\/strong><\/p>\n\n\n\n<p>Nom de l&rsquo;h\u00e9bergeur : OVH (www.ovh.com)<br>D\u00e9nomination sociale de l&rsquo;h\u00e9bergeur : OVH<br>Adresse de l&rsquo;hebergeur : 2 rue Kellermann &#8211; 59100 Roubaix &#8211; France<\/p>\n\n\n\n<p><strong>Responsable du contenu :<br><\/strong>Pania CHANN<\/p>\n\n\n\n<h2 class=\"wp-block-heading\">Responsabilit\u00e9 :<\/h2>\n\n\n\n<p>Le site internet Pania Chef Priv\u00e9 a pour objectif de fournir des informations sur nos services de chef \u00e0 domicile et de traiteur. Nous nous effor\u00e7ons de garantir l\u2019exactitude et la mise \u00e0 jour des informations pr\u00e9sent\u00e9es sur ce site, cependant, nous d\u00e9clinons toute responsabilit\u00e9 quant \u00e0 d\u2019\u00e9ventuelles erreurs ou omissions dans les contenus.<\/p>\n\n\n\n<h2 class=\"wp-block-heading\">Propri\u00e9t\u00e9 intellectuelle<\/h2>\n\n\n\n<p>Le Site est une \u0153uvre de l\u2019esprit prot\u00e9g\u00e9e par la loi. Son contenu, y compris les textes, illustrations, photographies et pr\u00e9sentations sont strictement r\u00e9serv\u00e9s au titre du droit d\u2019auteur ainsi qu\u2019au titre de la propri\u00e9t\u00e9 intellectuelle. Il en va de m\u00eame de la base de donn\u00e9es contenue sur le Site.<\/p>\n\n\n\n<h2 class=\"wp-block-heading\">Marques<\/h2>\n\n\n\n<p>Les d\u00e9nominations sociales, marques et signes distinctifs figurant sur le Site sont prot\u00e9g\u00e9s par la loi fran\u00e7aise et internationale. Toute utilisation, reproduction, diffusion ou repr\u00e9sentation de tout ou partie d\u2019un des signes pr\u00e9cit\u00e9s sans autorisation expresse \u00e9crite est interdite.<\/p>\n\n\n\n<h2 class=\"wp-block-heading\">Donn\u00e9es personnelles<\/h2>\n\n\n\n<p>Conform\u00e9ment \u00e0 la r\u00e9glementation en vigueur sur la protection des donn\u00e9es personnelles, les informations collect\u00e9es via notre site internet sont destin\u00e9es \u00e0 un usage interne et ne seront en aucun cas transmises \u00e0 des tiers sans votre consentement. Vous disposez d\u2019un droit d\u2019acc\u00e8s, de rectification et de suppression de vos donn\u00e9es en nous contactant via les coordonn\u00e9es fournies ci-dessus.<\/p>\n\n\n\n<h2 class=\"wp-block-heading\">Limitation de responsabilit\u00e9<\/h2>\n\n\n\n<p>Nous nous effor\u00e7ons d\u2019assurer, au mieux de nos possibilit\u00e9s, l\u2019exactitude et l\u2019actualit\u00e9 des informations diffus\u00e9es sur le Site. Nous nous r\u00e9servons le droit de corriger et de modifier le contenu du Site \u00e0 tout moment et sans pr\u00e9avis. Il appartient aux visiteurs du Site de v\u00e9rifier l\u2019information donn\u00e9e sur le Site par d\u2019autres moyens, y compris en nous contactant directement. Nous d\u00e9clinons toute responsabilit\u00e9 (a) pour toute impr\u00e9cision, inexactitude ou omission relative aux informations disponibles sur le Site, (b) pour les dommages r\u00e9sultant d\u2019une modification des informations figurant sur le Site caus\u00e9e par une \u00e9ventuelle manipulation frauduleuse effectu\u00e9e par des tiers et (c) pour tous dommages, directs ou indirects, quelles qu\u2019en soient les causes, origines, nature ou cons\u00e9quences, provoqu\u00e9s \u00e0 raison de l\u2019acc\u00e8s de quiconque au Site ou de l\u2019impossibilit\u00e9 d\u2019y acc\u00e9der, de m\u00eame que l\u2019utilisation du Site et\/ou du cr\u00e9dit accord\u00e9 \u00e0 une quelconque information provenant directement ou indirectement de ce dernier. Les limitations de responsabilit\u00e9 pr\u00e9cit\u00e9es ne s\u2019appliquent pas en cas de faute grave ou intentionnelle de l\u2019entreprise Pania Chef Priv\u00e9 et\/ou de mort d\u2019un consommateur ou de dommages corporels caus\u00e9s \u00e0 celui-ci, r\u00e9sultant d\u2019une faute de l\u2019entreprise Pania Chef Priv\u00e9<\/p>\n\n\n\n<h2 class=\"wp-block-heading\">Note<\/h2>\n\n\n\n<p>Nous vous remercions de votre visite sur notre site. Si vous avez des questions concernant nos mentions l\u00e9gales, n\u2019h\u00e9sitez pas \u00e0 nous contacter.<\/p>\n\n\n\n<p><\/p>\n","protected":false},"excerpt":{"rendered":"<p>Identit\u00e9 Le site paniachefprive.com (ci-apr\u00e8s d\u00e9nomm\u00e9 le \u00ab Site \u00bb) est \u00e9dit\u00e9 et exploit\u00e9 par l\u2019entreprise PANIA CHEF PRIVE, entreprise de droit fran\u00e7aise dont le si\u00e8ge social est situ\u00e9 au 80B Avenue de Pioche R\u00e9sidence Jaizquibel 64200 Biarritz, immatricul\u00e9e au Registre du commerce et des soci\u00e9t\u00e9s de Bayonne sous le num\u00e9ro 917 617 490 R.C.S. [&hellip;]<\/p>\n","protected":false},"author":1,"featured_media":0,"parent":0,"menu_order":0,"comment_status":"closed","ping_status":"closed","template":"","meta":{"footnotes":""},"class_list":["post-204","page","type-page","status-publish","hentry"],"yoast_head":"<!-- This site is optimized with the Yoast SEO plugin v26.6 - https:\/\/yoast.com\/wordpress\/plugins\/seo\/ -->\n<title>Mentions L\u00e9gales - Pania Chef Priv\u00e9<\/title>\n<meta name=\"robots\" content=\"index, follow, max-snippet:-1, max-image-preview:large, max-video-preview:-1\" \/>\n<link rel=\"canonical\" href=\"https:\/\/paniachefprive.com\/index.php\/mentions-legales\/\" \/>\n<meta property=\"og:locale\" content=\"fr_FR\" \/>\n<meta property=\"og:type\" content=\"article\" \/>\n<meta property=\"og:title\" content=\"Mentions L\u00e9gales - Pania Chef Priv\u00e9\" \/>\n<meta property=\"og:description\" content=\"Identit\u00e9 Le site paniachefprive.com (ci-apr\u00e8s d\u00e9nomm\u00e9 le \u00ab Site \u00bb) est \u00e9dit\u00e9 et exploit\u00e9 par l\u2019entreprise PANIA CHEF PRIVE, entreprise de droit fran\u00e7aise dont le si\u00e8ge social est situ\u00e9 au 80B Avenue de Pioche R\u00e9sidence Jaizquibel 64200 Biarritz, immatricul\u00e9e au Registre du commerce et des soci\u00e9t\u00e9s de Bayonne sous le num\u00e9ro 917 617 490 R.C.S. [&hellip;]\" \/>\n<meta property=\"og:url\" content=\"https:\/\/paniachefprive.com\/index.php\/mentions-legales\/\" \/>\n<meta property=\"og:site_name\" content=\"Pania Chef Priv\u00e9\" \/>\n<meta property=\"article:modified_time\" content=\"2026-03-16T11:15:15+00:00\" \/>\n<meta name=\"twitter:card\" content=\"summary_large_image\" \/>\n<meta name=\"twitter:label1\" content=\"Dur\u00e9e de lecture estim\u00e9e\" \/>\n\t<meta name=\"twitter:data1\" content=\"3 minutes\" \/>\n<script type=\"application\/ld+json\" class=\"yoast-schema-graph\">{\"@context\":\"https:\/\/schema.org\",\"@graph\":[{\"@type\":\"WebPage\",\"@id\":\"https:\/\/paniachefprive.com\/index.php\/mentions-legales\/\",\"url\":\"https:\/\/paniachefprive.com\/index.php\/mentions-legales\/\",\"name\":\"Mentions L\u00e9gales - Pania Chef Priv\u00e9\",\"isPartOf\":{\"@id\":\"https:\/\/paniachefprive.com\/#website\"},\"datePublished\":\"2026-03-15T17:18:35+00:00\",\"dateModified\":\"2026-03-16T11:15:15+00:00\",\"breadcrumb\":{\"@id\":\"https:\/\/paniachefprive.com\/index.php\/mentions-legales\/#breadcrumb\"},\"inLanguage\":\"fr-FR\",\"potentialAction\":[{\"@type\":\"ReadAction\",\"target\":[\"https:\/\/paniachefprive.com\/index.php\/mentions-legales\/\"]}]},{\"@type\":\"BreadcrumbList\",\"@id\":\"https:\/\/paniachefprive.com\/index.php\/mentions-legales\/#breadcrumb\",\"itemListElement\":[{\"@type\":\"ListItem\",\"position\":1,\"name\":\"Accueil\",\"item\":\"https:\/\/paniachefprive.com\/\"},{\"@type\":\"ListItem\",\"position\":2,\"name\":\"Mentions L\u00e9gales\"}]},{\"@type\":\"WebSite\",\"@id\":\"https:\/\/paniachefprive.com\/#website\",\"url\":\"https:\/\/paniachefprive.com\/\",\"name\":\"Pania Chef Priv\u00e9\",\"description\":\"Une histoire extraordinaire dans votre prochain repas\",\"potentialAction\":[{\"@type\":\"SearchAction\",\"target\":{\"@type\":\"EntryPoint\",\"urlTemplate\":\"https:\/\/paniachefprive.com\/?s={search_term_string}\"},\"query-input\":{\"@type\":\"PropertyValueSpecification\",\"valueRequired\":true,\"valueName\":\"search_term_string\"}}],\"inLanguage\":\"fr-FR\"}]}<\/script>\n<!-- \/ Yoast SEO plugin. -->","yoast_head_json":{"title":"Mentions L\u00e9gales - Pania Chef Priv\u00e9","robots":{"index":"index","follow":"follow","max-snippet":"max-snippet:-1","max-image-preview":"max-image-preview:large","max-video-preview":"max-video-preview:-1"},"canonical":"https:\/\/paniachefprive.com\/index.php\/mentions-legales\/","og_locale":"fr_FR","og_type":"article","og_title":"Mentions L\u00e9gales - Pania Chef Priv\u00e9","og_description":"Identit\u00e9 Le site paniachefprive.com (ci-apr\u00e8s d\u00e9nomm\u00e9 le \u00ab Site \u00bb) est \u00e9dit\u00e9 et exploit\u00e9 par l\u2019entreprise PANIA CHEF PRIVE, entreprise de droit fran\u00e7aise dont le si\u00e8ge social est situ\u00e9 au 80B Avenue de Pioche R\u00e9sidence Jaizquibel 64200 Biarritz, immatricul\u00e9e au Registre du commerce et des soci\u00e9t\u00e9s de Bayonne sous le num\u00e9ro 917 617 490 R.C.S. [&hellip;]","og_url":"https:\/\/paniachefprive.com\/index.php\/mentions-legales\/","og_site_name":"Pania Chef Priv\u00e9","article_modified_time":"2026-03-16T11:15:15+00:00","twitter_card":"summary_large_image","twitter_misc":{"Dur\u00e9e de lecture estim\u00e9e":"3 minutes"},"schema":{"@context":"https:\/\/schema.org","@graph":[{"@type":"WebPage","@id":"https:\/\/paniachefprive.com\/index.php\/mentions-legales\/","url":"https:\/\/paniachefprive.com\/index.php\/mentions-legales\/","name":"Mentions L\u00e9gales - Pania Chef Priv\u00e9","isPartOf":{"@id":"https:\/\/paniachefprive.com\/#website"},"datePublished":"2026-03-15T17:18:35+00:00","dateModified":"2026-03-16T11:15:15+00:00","breadcrumb":{"@id":"https:\/\/paniachefprive.com\/index.php\/mentions-legales\/#breadcrumb"},"inLanguage":"fr-FR","potentialAction":[{"@type":"ReadAction","target":["https:\/\/paniachefprive.com\/index.php\/mentions-legales\/"]}]},{"@type":"BreadcrumbList","@id":"https:\/\/paniachefprive.com\/index.php\/mentions-legales\/#breadcrumb","itemListElement":[{"@type":"ListItem","position":1,"name":"Accueil","item":"https:\/\/paniachefprive.com\/"},{"@type":"ListItem","position":2,"name":"Mentions L\u00e9gales"}]},{"@type":"WebSite","@id":"https:\/\/paniachefprive.com\/#website","url":"https:\/\/paniachefprive.com\/","name":"Pania Chef Priv\u00e9","description":"Une histoire extraordinaire dans votre prochain repas","potentialAction":[{"@type":"SearchAction","target":{"@type":"EntryPoint","urlTemplate":"https:\/\/paniachefprive.com\/?s={search_term_string}"},"query-input":{"@type":"PropertyValueSpecification","valueRequired":true,"valueName":"search_term_string"}}],"inLanguage":"fr-FR"}]}},"_links":{"self":[{"href":"https:\/\/paniachefprive.com\/index.php\/wp-json\/wp\/v2\/pages\/204","targetHints":{"allow":["GET"]}}],"collection":[{"href":"https:\/\/paniachefprive.com\/index.php\/wp-json\/wp\/v2\/pages"}],"about":[{"href":"https:\/\/paniachefprive.com\/index.php\/wp-json\/wp\/v2\/types\/page"}],"author":[{"embeddable":true,"href":"https:\/\/paniachefprive.com\/index.php\/wp-json\/wp\/v2\/users\/1"}],"replies":[{"embeddable":true,"href":"https:\/\/paniachefprive.com\/index.php\/wp-json\/wp\/v2\/comments?post=204"}],"version-history":[{"count":4,"href":"https:\/\/paniachefprive.com\/index.php\/wp-json\/wp\/v2\/pages\/204\/revisions"}],"predecessor-version":[{"id":235,"href":"https:\/\/paniachefprive.com\/index.php\/wp-json\/wp\/v2\/pages\/204\/revisions\/235"}],"wp:attachment":[{"href":"https:\/\/paniachefprive.com\/index.php\/wp-json\/wp\/v2\/media?parent=204"}],"curies":[{"name":"wp","href":"https:\/\/api.w.org\/{rel}","templated":true}]}}